{"id":57,"date":"2025-09-09T20:38:52","date_gmt":"2025-09-09T20:38:52","guid":{"rendered":"https:\/\/sensationpde.com\/?page_id=57"},"modified":"2025-10-09T15:00:27","modified_gmt":"2025-10-09T15:00:27","slug":"terminos","status":"publish","type":"page","link":"https:\/\/sensationpde.com\/index.php\/terminos\/","title":{"rendered":"TERMINOS"},"content":{"rendered":"\t\t<div data-elementor-type=\"wp-page\" data-elementor-id=\"57\" class=\"elementor elementor-57\">\n\t\t\t\t<div class=\"elementor-element elementor-element-245e4830 e-flex e-con-boxed e-con e-parent\" data-id=\"245e4830\" data-element_type=\"container\">\n\t\t\t\t\t<div class=\"e-con-inner\">\n\t\t\t\t<div class=\"elementor-element elementor-element-c98053e elementor-widget elementor-widget-text-editor\" data-id=\"c98053e\" data-element_type=\"widget\" data-widget_type=\"text-editor.default\">\n\t\t\t\t\t\t\t\t\t<p>T\u00e9rminos legales de entrada Sensation PDE<\/p>\t\t\t\t\t\t\t\t<\/div>\n\t\t\t\t\t<\/div>\n\t\t\t\t<\/div>\n\t\t<div class=\"elementor-element elementor-element-656edd6e e-flex e-con-boxed e-con e-parent\" data-id=\"656edd6e\" data-element_type=\"container\">\n\t\t\t\t\t<div class=\"e-con-inner\">\n\t\t\t\t<div class=\"elementor-element elementor-element-572baf56 elementor-widget elementor-widget-text-editor\" data-id=\"572baf56\" data-element_type=\"widget\" data-widget_type=\"text-editor.default\">\n\t\t\t\t\t\t\t\t\t<p>La compra de esta entrada implica la aceptaci\u00f3n del comprador de las condiciones que se enumeran a continuaci\u00f3n: No adquiera tickets fuera de los puntos de venta o vendedores autorizados. El promotor, organizador y local del evento no se responsabilizan por eventuales falsificaciones. Se contar\u00e1 con medios para detectar entradas falsificadas, las mismas ser\u00e1n retenidas. La producci\u00f3n se reserva el derecho de admisi\u00f3n y permanencia en el lugar. Contamos con puesto obligatorio de control de edad en el ingreso del evento. El ingreso es para mayores de 24 a\u00f1os.<\/p><p>Cualquier persona que intente ingresar no cumpliendo con estos t\u00e9rminos, autom\u00e1ticamente queda sin derecho a ingresar, y con la entrada retenida. Este evento ser\u00e1 filmado. Toda persona que ingrese al evento acepta irrevocablemente que su presencia y participaci\u00f3n podr\u00e1 ser filmada y puede ser explotada para cualquier prop\u00f3sito, inclusive v\u00eddeos de car\u00e1cter comercial, por y para todo el mundo en perpetuidad.<\/p><p>En caso de postergaci\u00f3n del evento, el ticket mantiene su validez, no habiendo reintegro del valor parcial o total de las entradas. En caso de cancelaci\u00f3n definitiva, la producci\u00f3n cuenta con 90 d\u00edas para el reintegro del valor de las entradas.<\/p><p>Est\u00e1 prohibido el ingreso y uso de bengalas y\/o pirotecnia o simil de cualquier tipo, as\u00ed como cualquier elemento que resulte riesgoso para la seguridad del evento. Beba con moderaci\u00f3n y bajo su propia responsabilidad. Disfrute del evento. <br \/>La entrada con consumo se canjea en los puestos de canje que van a haber en la fiesta. No se realiza ninguna devoluci\u00f3n de estos consumos ya que son cortes\u00edas.<br \/>En la fiesta trabajamos con una tarjeta de consumo la cual se hace cola una sola vez para poder cargar cr\u00e9dito. En caso de sobrante del cr\u00e9dito cargado, el reintegro se solicita en el puesto de cajas ANTES de retirarse del evento, en caso contrario, no habr\u00e1 reembolso.<\/p><p>\u00a1Feliz A\u00f1o Nuevo!<\/p><p>EL INGRESO ES OBLIGATORIO CON QR, CASO CONTRARIO PERDER\u00c1 SU VALIDEZ.<\/p><p>Una vez adquirido el ticket, te llegara a tu bandeja de entrada un mail de confirmaci\u00f3n. Este mail, 24 horas antes del evento mostrara el c\u00f3digo QR para el ingreso, con el fin de mantener la privacidad y confidencialidad de los c\u00f3digos.<\/p>\t\t\t\t\t\t\t\t<\/div>\n\t\t\t\t\t<\/div>\n\t\t\t\t<\/div>\n\t\t\t\t<\/div>\n\t\t","protected":false},"excerpt":{"rendered":"<p>T\u00e9rminos legales de entrada Sensation PDE La compra de esta entrada implica la aceptaci\u00f3n del comprador de las condiciones que se enumeran a continuaci\u00f3n: No adquiera tickets fuera de los puntos de venta o vendedores autorizados. El promotor, organizador y local del evento no se responsabilizan por eventuales falsificaciones. Se contar\u00e1 con medios para detectar [&hellip;]<\/p>\n","protected":false},"author":1,"featured_media":0,"parent":0,"menu_order":0,"comment_status":"closed","ping_status":"closed","template":"elementor_canvas","meta":{"footnotes":""},"class_list":["post-57","page","type-page","status-publish","hentry"],"_links":{"self":[{"href":"https:\/\/sensationpde.com\/index.php\/wp-json\/wp\/v2\/pages\/57","targetHints":{"allow":["GET"]}}],"collection":[{"href":"https:\/\/sensationpde.com\/index.php\/wp-json\/wp\/v2\/pages"}],"about":[{"href":"https:\/\/sensationpde.com\/index.php\/wp-json\/wp\/v2\/types\/page"}],"author":[{"embeddable":true,"href":"https:\/\/sensationpde.com\/index.php\/wp-json\/wp\/v2\/users\/1"}],"replies":[{"embeddable":true,"href":"https:\/\/sensationpde.com\/index.php\/wp-json\/wp\/v2\/comments?post=57"}],"version-history":[{"count":33,"href":"https:\/\/sensationpde.com\/index.php\/wp-json\/wp\/v2\/pages\/57\/revisions"}],"predecessor-version":[{"id":129,"href":"https:\/\/sensationpde.com\/index.php\/wp-json\/wp\/v2\/pages\/57\/revisions\/129"}],"wp:attachment":[{"href":"https:\/\/sensationpde.com\/index.php\/wp-json\/wp\/v2\/media?parent=57"}],"curies":[{"name":"wp","href":"https:\/\/api.w.org\/{rel}","templated":true}]}}